{"id":936,"date":"2026-05-14T14:50:56","date_gmt":"2026-05-14T14:50:56","guid":{"rendered":"https:\/\/quickpickzone.shop\/?post_type=product&#038;p=936"},"modified":"2026-05-14T14:53:53","modified_gmt":"2026-05-14T14:53:53","slug":"keplin-dual-zone-air-fryer-c-extra-large-9l-capacity-6-cooking-functions-energy-saving-family-cooker-for-roasting-baking-crisping","status":"publish","type":"product","link":"https:\/\/quickpickzone.shop\/de\/produkt\/keplin-dual-zone-air-fryer-c-extra-large-9l-capacity-6-cooking-functions-energy-saving-family-cooker-for-roasting-baking-crisping\/","title":{"rendered":"Keplin Dual Zone Air Fryer ?C Extragro\u00dfes 9L Fassungsverm\u00f6gen, 6 Kochfunktionen, Energiesparender Familienkocher zum Braten, Backen &amp; Knusprigmachen"},"content":{"rendered":"<div data-elementor-type=\"product-post\" data-elementor-id=\"936\" class=\"elementor elementor-936\" data-elementor-post-type=\"product\">\n\t\t\t\t<div class=\"elementor-element elementor-element-61608980 e-flex e-con-boxed e-con e-parent\" data-id=\"61608980\" data-element_type=\"container\" data-e-type=\"container\" data-settings=\"{&quot;ekit_has_onepagescroll_dot&quot;:&quot;yes&quot;}\">\n\t\t\t\t\t<div class=\"e-con-inner\">\n\t\t\t\t<div class=\"elementor-element elementor-element-3ad1c722 elementor-widget elementor-widget-image\" data-id=\"3ad1c722\" data-element_type=\"widget\" data-e-type=\"widget\" data-settings=\"{&quot;ekit_we_effect_on&quot;:&quot;none&quot;}\" data-widget_type=\"image.default\">\n\t\t\t\t\t\t\t\t\t\t\t\t\t\t\t<img fetchpriority=\"high\" decoding=\"async\" width=\"800\" height=\"800\" src=\"https:\/\/quickpickzone.shop\/wp-content\/uploads\/2026\/05\/2bc5737c61cd4f8c94f9ce102078bce6_tplv-t5fjg24jzw-resize-jpeg_800_800.jpg\" class=\"attachment-full size-full wp-image-945 wvs-archive-product-image\" alt=\"\" srcset=\"https:\/\/quickpickzone.shop\/wp-content\/uploads\/2026\/05\/2bc5737c61cd4f8c94f9ce102078bce6_tplv-t5fjg24jzw-resize-jpeg_800_800.jpg 800w, https:\/\/quickpickzone.shop\/wp-content\/uploads\/2026\/05\/2bc5737c61cd4f8c94f9ce102078bce6_tplv-t5fjg24jzw-resize-jpeg_800_800-300x300.jpg 300w, https:\/\/quickpickzone.shop\/wp-content\/uploads\/2026\/05\/2bc5737c61cd4f8c94f9ce102078bce6_tplv-t5fjg24jzw-resize-jpeg_800_800-150x150.jpg 150w, https:\/\/quickpickzone.shop\/wp-content\/uploads\/2026\/05\/2bc5737c61cd4f8c94f9ce102078bce6_tplv-t5fjg24jzw-resize-jpeg_800_800-768x768.jpg 768w, https:\/\/quickpickzone.shop\/wp-content\/uploads\/2026\/05\/2bc5737c61cd4f8c94f9ce102078bce6_tplv-t5fjg24jzw-resize-jpeg_800_800-12x12.jpg 12w, https:\/\/quickpickzone.shop\/wp-content\/uploads\/2026\/05\/2bc5737c61cd4f8c94f9ce102078bce6_tplv-t5fjg24jzw-resize-jpeg_800_800-600x600.jpg 600w, https:\/\/quickpickzone.shop\/wp-content\/uploads\/2026\/05\/2bc5737c61cd4f8c94f9ce102078bce6_tplv-t5fjg24jzw-resize-jpeg_800_800-100x100.jpg 100w, https:\/\/quickpickzone.shop\/wp-content\/uploads\/2026\/05\/2bc5737c61cd4f8c94f9ce102078bce6_tplv-t5fjg24jzw-resize-jpeg_800_800-50x50.jpg 50w\" sizes=\"(max-width: 800px) 100vw, 800px\" \/>\t\t\t\t\t\t\t\t\t\t\t\t\t\t\t<\/div>\n\t\t\t\t<div class=\"elementor-element elementor-element-765ab8b8 elementor-widget elementor-widget-image\" data-id=\"765ab8b8\" data-element_type=\"widget\" data-e-type=\"widget\" data-settings=\"{&quot;ekit_we_effect_on&quot;:&quot;none&quot;}\" data-widget_type=\"image.default\">\n\t\t\t\t\t\t\t\t\t\t\t\t\t\t\t<img decoding=\"async\" width=\"800\" height=\"800\" src=\"https:\/\/quickpickzone.shop\/wp-content\/uploads\/2026\/05\/5e8e6dcf7f754980b076c33d392cc30a_tplv-t5fjg24jzw-resize-jpeg_800_800.jpg\" class=\"attachment-full size-full wp-image-946 wvs-archive-product-image\" alt=\"\" srcset=\"https:\/\/quickpickzone.shop\/wp-content\/uploads\/2026\/05\/5e8e6dcf7f754980b076c33d392cc30a_tplv-t5fjg24jzw-resize-jpeg_800_800.jpg 800w, https:\/\/quickpickzone.shop\/wp-content\/uploads\/2026\/05\/5e8e6dcf7f754980b076c33d392cc30a_tplv-t5fjg24jzw-resize-jpeg_800_800-300x300.jpg 300w, https:\/\/quickpickzone.shop\/wp-content\/uploads\/2026\/05\/5e8e6dcf7f754980b076c33d392cc30a_tplv-t5fjg24jzw-resize-jpeg_800_800-150x150.jpg 150w, https:\/\/quickpickzone.shop\/wp-content\/uploads\/2026\/05\/5e8e6dcf7f754980b076c33d392cc30a_tplv-t5fjg24jzw-resize-jpeg_800_800-768x768.jpg 768w, https:\/\/quickpickzone.shop\/wp-content\/uploads\/2026\/05\/5e8e6dcf7f754980b076c33d392cc30a_tplv-t5fjg24jzw-resize-jpeg_800_800-12x12.jpg 12w, https:\/\/quickpickzone.shop\/wp-content\/uploads\/2026\/05\/5e8e6dcf7f754980b076c33d392cc30a_tplv-t5fjg24jzw-resize-jpeg_800_800-600x600.jpg 600w, https:\/\/quickpickzone.shop\/wp-content\/uploads\/2026\/05\/5e8e6dcf7f754980b076c33d392cc30a_tplv-t5fjg24jzw-resize-jpeg_800_800-100x100.jpg 100w, https:\/\/quickpickzone.shop\/wp-content\/uploads\/2026\/05\/5e8e6dcf7f754980b076c33d392cc30a_tplv-t5fjg24jzw-resize-jpeg_800_800-50x50.jpg 50w\" sizes=\"(max-width: 800px) 100vw, 800px\" \/>\t\t\t\t\t\t\t\t\t\t\t\t\t\t\t<\/div>\n\t\t\t\t<div class=\"elementor-element elementor-element-732a1e2e elementor-widget elementor-widget-image\" data-id=\"732a1e2e\" data-element_type=\"widget\" data-e-type=\"widget\" data-settings=\"{&quot;ekit_we_effect_on&quot;:&quot;none&quot;}\" data-widget_type=\"image.default\">\n\t\t\t\t\t\t\t\t\t\t\t\t\t\t\t<img decoding=\"async\" width=\"800\" height=\"800\" src=\"https:\/\/quickpickzone.shop\/wp-content\/uploads\/2026\/05\/899b36c2c6f647bbac5f0373101babe5_tplv-t5fjg24jzw-resize-jpeg_800_800.jpg\" class=\"attachment-full size-full wp-image-947 wvs-archive-product-image\" alt=\"\" srcset=\"https:\/\/quickpickzone.shop\/wp-content\/uploads\/2026\/05\/899b36c2c6f647bbac5f0373101babe5_tplv-t5fjg24jzw-resize-jpeg_800_800.jpg 800w, https:\/\/quickpickzone.shop\/wp-content\/uploads\/2026\/05\/899b36c2c6f647bbac5f0373101babe5_tplv-t5fjg24jzw-resize-jpeg_800_800-300x300.jpg 300w, https:\/\/quickpickzone.shop\/wp-content\/uploads\/2026\/05\/899b36c2c6f647bbac5f0373101babe5_tplv-t5fjg24jzw-resize-jpeg_800_800-150x150.jpg 150w, https:\/\/quickpickzone.shop\/wp-content\/uploads\/2026\/05\/899b36c2c6f647bbac5f0373101babe5_tplv-t5fjg24jzw-resize-jpeg_800_800-768x768.jpg 768w, https:\/\/quickpickzone.shop\/wp-content\/uploads\/2026\/05\/899b36c2c6f647bbac5f0373101babe5_tplv-t5fjg24jzw-resize-jpeg_800_800-12x12.jpg 12w, https:\/\/quickpickzone.shop\/wp-content\/uploads\/2026\/05\/899b36c2c6f647bbac5f0373101babe5_tplv-t5fjg24jzw-resize-jpeg_800_800-600x600.jpg 600w, https:\/\/quickpickzone.shop\/wp-content\/uploads\/2026\/05\/899b36c2c6f647bbac5f0373101babe5_tplv-t5fjg24jzw-resize-jpeg_800_800-100x100.jpg 100w, https:\/\/quickpickzone.shop\/wp-content\/uploads\/2026\/05\/899b36c2c6f647bbac5f0373101babe5_tplv-t5fjg24jzw-resize-jpeg_800_800-50x50.jpg 50w\" sizes=\"(max-width: 800px) 100vw, 800px\" \/>\t\t\t\t\t\t\t\t\t\t\t\t\t\t\t<\/div>\n\t\t\t\t<div class=\"elementor-element elementor-element-3a782eb4 elementor-widget elementor-widget-image\" data-id=\"3a782eb4\" data-element_type=\"widget\" data-e-type=\"widget\" data-settings=\"{&quot;ekit_we_effect_on&quot;:&quot;none&quot;}\" data-widget_type=\"image.default\">\n\t\t\t\t\t\t\t\t\t\t\t\t\t\t\t<img loading=\"lazy\" decoding=\"async\" width=\"800\" height=\"800\" src=\"https:\/\/quickpickzone.shop\/wp-content\/uploads\/2026\/05\/9150eb51183c4009952d35deda92fdf3_tplv-t5fjg24jzw-resize-jpeg_800_800.jpg\" class=\"attachment-full size-full wp-image-948 wvs-archive-product-image\" alt=\"\" srcset=\"https:\/\/quickpickzone.shop\/wp-content\/uploads\/2026\/05\/9150eb51183c4009952d35deda92fdf3_tplv-t5fjg24jzw-resize-jpeg_800_800.jpg 800w, https:\/\/quickpickzone.shop\/wp-content\/uploads\/2026\/05\/9150eb51183c4009952d35deda92fdf3_tplv-t5fjg24jzw-resize-jpeg_800_800-300x300.jpg 300w, https:\/\/quickpickzone.shop\/wp-content\/uploads\/2026\/05\/9150eb51183c4009952d35deda92fdf3_tplv-t5fjg24jzw-resize-jpeg_800_800-150x150.jpg 150w, https:\/\/quickpickzone.shop\/wp-content\/uploads\/2026\/05\/9150eb51183c4009952d35deda92fdf3_tplv-t5fjg24jzw-resize-jpeg_800_800-768x768.jpg 768w, https:\/\/quickpickzone.shop\/wp-content\/uploads\/2026\/05\/9150eb51183c4009952d35deda92fdf3_tplv-t5fjg24jzw-resize-jpeg_800_800-12x12.jpg 12w, https:\/\/quickpickzone.shop\/wp-content\/uploads\/2026\/05\/9150eb51183c4009952d35deda92fdf3_tplv-t5fjg24jzw-resize-jpeg_800_800-600x600.jpg 600w, https:\/\/quickpickzone.shop\/wp-content\/uploads\/2026\/05\/9150eb51183c4009952d35deda92fdf3_tplv-t5fjg24jzw-resize-jpeg_800_800-100x100.jpg 100w, https:\/\/quickpickzone.shop\/wp-content\/uploads\/2026\/05\/9150eb51183c4009952d35deda92fdf3_tplv-t5fjg24jzw-resize-jpeg_800_800-50x50.jpg 50w\" sizes=\"(max-width: 800px) 100vw, 800px\" \/>\t\t\t\t\t\t\t\t\t\t\t\t\t\t\t<\/div>\n\t\t\t\t<div class=\"elementor-element elementor-element-4082b4f7 elementor-widget elementor-widget-image\" data-id=\"4082b4f7\" data-element_type=\"widget\" data-e-type=\"widget\" data-settings=\"{&quot;ekit_we_effect_on&quot;:&quot;none&quot;}\" data-widget_type=\"image.default\">\n\t\t\t\t\t\t\t\t\t\t\t\t\t\t\t<img loading=\"lazy\" decoding=\"async\" width=\"800\" height=\"800\" src=\"https:\/\/quickpickzone.shop\/wp-content\/uploads\/2026\/05\/e2c600bf69534475848e12899418eca2_tplv-t5fjg24jzw-resize-jpeg_800_800-2.jpg\" class=\"attachment-full size-full wp-image-949 wvs-archive-product-image\" alt=\"\" srcset=\"https:\/\/quickpickzone.shop\/wp-content\/uploads\/2026\/05\/e2c600bf69534475848e12899418eca2_tplv-t5fjg24jzw-resize-jpeg_800_800-2.jpg 800w, https:\/\/quickpickzone.shop\/wp-content\/uploads\/2026\/05\/e2c600bf69534475848e12899418eca2_tplv-t5fjg24jzw-resize-jpeg_800_800-2-300x300.jpg 300w, https:\/\/quickpickzone.shop\/wp-content\/uploads\/2026\/05\/e2c600bf69534475848e12899418eca2_tplv-t5fjg24jzw-resize-jpeg_800_800-2-150x150.jpg 150w, https:\/\/quickpickzone.shop\/wp-content\/uploads\/2026\/05\/e2c600bf69534475848e12899418eca2_tplv-t5fjg24jzw-resize-jpeg_800_800-2-768x768.jpg 768w, https:\/\/quickpickzone.shop\/wp-content\/uploads\/2026\/05\/e2c600bf69534475848e12899418eca2_tplv-t5fjg24jzw-resize-jpeg_800_800-2-12x12.jpg 12w, https:\/\/quickpickzone.shop\/wp-content\/uploads\/2026\/05\/e2c600bf69534475848e12899418eca2_tplv-t5fjg24jzw-resize-jpeg_800_800-2-600x600.jpg 600w, https:\/\/quickpickzone.shop\/wp-content\/uploads\/2026\/05\/e2c600bf69534475848e12899418eca2_tplv-t5fjg24jzw-resize-jpeg_800_800-2-100x100.jpg 100w, https:\/\/quickpickzone.shop\/wp-content\/uploads\/2026\/05\/e2c600bf69534475848e12899418eca2_tplv-t5fjg24jzw-resize-jpeg_800_800-2-50x50.jpg 50w\" sizes=\"(max-width: 800px) 100vw, 800px\" \/>\t\t\t\t\t\t\t\t\t\t\t\t\t\t\t<\/div>\n\t\t\t\t<div class=\"elementor-element elementor-element-1cb46251 elementor-widget elementor-widget-image\" data-id=\"1cb46251\" data-element_type=\"widget\" data-e-type=\"widget\" data-settings=\"{&quot;ekit_we_effect_on&quot;:&quot;none&quot;}\" data-widget_type=\"image.default\">\n\t\t\t\t\t\t\t\t\t\t\t\t\t\t\t<img loading=\"lazy\" decoding=\"async\" width=\"800\" height=\"800\" src=\"https:\/\/quickpickzone.shop\/wp-content\/uploads\/2026\/05\/f92c9d85f3224d78bbb22c496882e482_tplv-t5fjg24jzw-resize-jpeg_800_800-1.jpg\" class=\"attachment-full size-full wp-image-950 wvs-archive-product-image\" alt=\"\" srcset=\"https:\/\/quickpickzone.shop\/wp-content\/uploads\/2026\/05\/f92c9d85f3224d78bbb22c496882e482_tplv-t5fjg24jzw-resize-jpeg_800_800-1.jpg 800w, https:\/\/quickpickzone.shop\/wp-content\/uploads\/2026\/05\/f92c9d85f3224d78bbb22c496882e482_tplv-t5fjg24jzw-resize-jpeg_800_800-1-300x300.jpg 300w, https:\/\/quickpickzone.shop\/wp-content\/uploads\/2026\/05\/f92c9d85f3224d78bbb22c496882e482_tplv-t5fjg24jzw-resize-jpeg_800_800-1-150x150.jpg 150w, https:\/\/quickpickzone.shop\/wp-content\/uploads\/2026\/05\/f92c9d85f3224d78bbb22c496882e482_tplv-t5fjg24jzw-resize-jpeg_800_800-1-768x768.jpg 768w, https:\/\/quickpickzone.shop\/wp-content\/uploads\/2026\/05\/f92c9d85f3224d78bbb22c496882e482_tplv-t5fjg24jzw-resize-jpeg_800_800-1-12x12.jpg 12w, https:\/\/quickpickzone.shop\/wp-content\/uploads\/2026\/05\/f92c9d85f3224d78bbb22c496882e482_tplv-t5fjg24jzw-resize-jpeg_800_800-1-600x600.jpg 600w, https:\/\/quickpickzone.shop\/wp-content\/uploads\/2026\/05\/f92c9d85f3224d78bbb22c496882e482_tplv-t5fjg24jzw-resize-jpeg_800_800-1-100x100.jpg 100w, https:\/\/quickpickzone.shop\/wp-content\/uploads\/2026\/05\/f92c9d85f3224d78bbb22c496882e482_tplv-t5fjg24jzw-resize-jpeg_800_800-1-50x50.jpg 50w\" sizes=\"(max-width: 800px) 100vw, 800px\" \/>\t\t\t\t\t\t\t\t\t\t\t\t\t\t\t<\/div>\n\t\t\t\t\t<\/div>\n\t\t\t\t<\/div>\n\t\t<div class=\"elementor-element elementor-element-7817a9f6 e-flex e-con-boxed e-con e-parent\" data-id=\"7817a9f6\" data-element_type=\"container\" data-e-type=\"container\" data-settings=\"{&quot;ekit_has_onepagescroll_dot&quot;:&quot;yes&quot;}\">\n\t\t\t\t\t<div class=\"e-con-inner\">\n\t\t\t\t<div class=\"elementor-element elementor-element-6e604385 elementor-widget elementor-widget-text-editor\" data-id=\"6e604385\" data-element_type=\"widget\" data-e-type=\"widget\" data-settings=\"{&quot;ekit_we_effect_on&quot;:&quot;none&quot;}\" data-widget_type=\"text-editor.default\">\n\t\t\t\t\t\t\t\t\t<div class=\"elementor-widget-container\">\n    <h1>Informationen zum Produkt<\/h1>\n\n    <div class=\"product-table\">\n        <div class=\"product-row\">\n            <div class=\"product-label\">Besondere Merkmale<\/div>\n            <div class=\"product-value\">Zweizonen-Kochen, energiesparend, digitale Touch-Steuerung<\/div>\n        <\/div>\n        <div class=\"product-row\">\n            <div class=\"product-label\"><strong>Farbe<\/strong><\/div>\n            <div class=\"product-value\"><strong>Schwarz<\/strong><\/div>\n        <\/div>\n        <div class=\"product-row\">\n            <div class=\"product-label\"><strong>Marke<\/strong><\/div>\n            <div class=\"product-value\"><strong>Keplin<\/strong><\/div>\n        <\/div>\n        <div class=\"product-row\">\n            <div class=\"product-label\"><strong>Produkt Abmessungen<\/strong><\/div>\n            <div class=\"product-value\"><strong>16,5\u2033L x 12,2\u2033W x 14,6\u2033H Zoll<\/strong><\/div>\n        <\/div>\n        <div class=\"product-row\">\n            <div class=\"product-label\"><strong>Artikel Gewicht<\/strong><\/div>\n            <div class=\"product-value\"><strong>15,4 Pfund<\/strong><\/div>\n        <\/div>\n        <div class=\"product-row\">\n            <div class=\"product-label\"><strong>Kapazit\u00e4t<\/strong><\/div>\n            <div class=\"product-value\"><strong>9 Liter (extra gro\u00dfe Familiengr\u00f6\u00dfe)<\/strong><\/div>\n        <\/div>\n        <div class=\"product-row\">\n            <div class=\"product-label\"><strong>Funktionen zum Kochen<\/strong><\/div>\n            <div class=\"product-value\"><strong>6 Funktionen: Luftbraten, Braten, Backen, Grillen, Aufw\u00e4rmen, Dehydrieren<\/strong><\/div>\n        <\/div>\n        <div class=\"product-row\">\n            <div class=\"product-label\"><strong>Enthaltene Komponenten<\/strong><\/div>\n            <div class=\"product-value\"><strong>1 Air Fryer Ger\u00e4t, 2 Dual Zone K\u00f6rbe, 2 Antihaft-Bleche, 1 Kr\u00fcmelblech, 1 Bedienungsanleitung<\/strong><\/div>\n        <\/div>\n    <\/div>\n\n    <style>\n        .product-table {\n            width: 100%;\n            font-family: Arial, sans-serif;\n        }\n        \n        .product-row {\n            display: flex;\n            padding: 12px 0;\n            border-bottom: 1px solid #000; \/* \u4e0b\u5212\u7ebf *\/\n            align-items: flex-start; \/* \u5168\u90e8\u9760\u5de6\u5bf9\u9f50 *\/\n        }\n        \n        .product-label {\n            flex: 1;\n            font-weight: bold;\n            min-width: 200px;\n            padding-right: 20px;\n            text-align: left; \/* \u9760\u5de6 *\/\n        }\n        \n        .product-value {\n            flex: 1;\n            min-width: 200px;\n            text-align: left; \/* \u9760\u5de6 *\/\n        }\n        \n        \/* \u786e\u4fdd\u4e0b\u5212\u7ebf\u6a2a\u8d2f\u5de6\u53f3 *\/\n        .product-row {\n            border-bottom: 1px solid #000;\n            width: 100%;\n        }\n        \n        h1 {\n            text-align: left;\n            margin-bottom: 20px;\n            font-family: Arial, sans-serif;\n        }\n    <\/style>\n<\/div>\t\t\t\t\t\t\t\t<\/div>\n\t\t\t\t\t<\/div>\n\t\t\t\t<\/div>\n\t\t\t\t<\/div>","protected":false},"excerpt":{"rendered":"<p>The Keplin Dual Zone Air Fryer is a versatile, family-friendly kitchen appliance with an extra-large 9L capacity, 6 practical cooking functions, and energy-saving technology, ideal for modern households needing simplified meal prep and delicious results.<br \/>\nIts 9L total capacity is intelligently split into two independent 4.5L zones, preventing flavor cross-contamination and enabling simultaneous cooking of mains and sides, such as roasted chicken and crispy fries.<br \/>\nEquipped with a sync finish function, it allows separate temperature and time settings for each zone, ensuring all dishes are ready to serve at the same time, saving time for busy weekdays or gatherings.<br \/>\nIt offers 6 preset one-touch functions: air fry, roast, bake, crisp, reheat, and dehydrate, with fully adjustable time and temperature controls for customized cooking.<\/p>","protected":false},"featured_media":937,"comment_status":"open","ping_status":"closed","template":"","meta":{"_acf_changed":false},"product_brand":[],"product_cat":[22,35],"product_tag":[],"class_list":{"0":"post-936","1":"product","2":"type-product","3":"status-publish","4":"has-post-thumbnail","6":"product_cat-kitchen","7":"product_cat-new-in","9":"first","10":"instock","11":"sale","12":"shipping-taxable","13":"purchasable","14":"product-type-simple"},"acf":[],"_links":{"self":[{"href":"https:\/\/quickpickzone.shop\/de\/wp-json\/wp\/v2\/product\/936","targetHints":{"allow":["GET"]}}],"collection":[{"href":"https:\/\/quickpickzone.shop\/de\/wp-json\/wp\/v2\/product"}],"about":[{"href":"https:\/\/quickpickzone.shop\/de\/wp-json\/wp\/v2\/types\/product"}],"replies":[{"embeddable":true,"href":"https:\/\/quickpickzone.shop\/de\/wp-json\/wp\/v2\/comments?post=936"}],"version-history":[{"count":4,"href":"https:\/\/quickpickzone.shop\/de\/wp-json\/wp\/v2\/product\/936\/revisions"}],"predecessor-version":[{"id":956,"href":"https:\/\/quickpickzone.shop\/de\/wp-json\/wp\/v2\/product\/936\/revisions\/956"}],"wp:featuredmedia":[{"embeddable":true,"href":"https:\/\/quickpickzone.shop\/de\/wp-json\/wp\/v2\/media\/937"}],"wp:attachment":[{"href":"https:\/\/quickpickzone.shop\/de\/wp-json\/wp\/v2\/media?parent=936"}],"wp:term":[{"taxonomy":"product_brand","embeddable":true,"href":"https:\/\/quickpickzone.shop\/de\/wp-json\/wp\/v2\/product_brand?post=936"},{"taxonomy":"product_cat","embeddable":true,"href":"https:\/\/quickpickzone.shop\/de\/wp-json\/wp\/v2\/product_cat?post=936"},{"taxonomy":"product_tag","embeddable":true,"href":"https:\/\/quickpickzone.shop\/de\/wp-json\/wp\/v2\/product_tag?post=936"}],"curies":[{"name":"wp","href":"https:\/\/api.w.org\/{rel}","templated":true}]}}